{"id":2283,"date":"2019-10-25T01:00:11","date_gmt":"2019-10-24T23:00:11","guid":{"rendered":"https:\/\/galaconcert.nl\/?page_id=2283"},"modified":"2023-11-26T08:49:37","modified_gmt":"2023-11-26T07:49:37","slug":"gala-feest-2020","status":"publish","type":"page","link":"https:\/\/galaconcert.nl\/wordpress\/gala-feest-2020\/","title":{"rendered":"Galafeest"},"content":{"rendered":"\r\n<h1 class=\"wp-block-heading\"><strong><span style=\"font-family: narziss-swirls; font-size: 36pt; color: #222433;\">GalaFeest<\/span><\/strong><\/h1>\r\n\r\n\r\n\r\n<p>\u00a0<span style=\"font-family: cera-pro-regular; font-size: 14pt;\">Na afloop van het galaconcert kunnen de voetjes van de vloer! Ook tijdens de editie van 2024 zorg<\/span>t One Shot voor een fantastische avond. <br \/><br \/><strong>One Shot<\/strong><br \/>Deze jonge en energieke groep muzikanten maakt er \u00e9\u00e9n gr\u00f3\u00f3t knalfeest van!\u00a0 Met hits van AC\/DC tot aan ABBA komt er voor iedereen wat wils voorbij.\u00a0Een show van herkenning, afgemaakt met een sterk staaltje techniek en special effects!\u00a0<\/p>\r\n\r\n\r\n\r\n<figure class=\"wp-block-gallery has-nested-images columns-default is-cropped wp-block-gallery-1 is-layout-flex wp-block-gallery-is-layout-flex\">\r\n<figure class=\"wp-block-image size-large\"><a href=\"https:\/\/galaconcert.nl\/wordpress\/wp-content\/uploads\/2023\/02\/BB4I4084.jpg\"><img loading=\"lazy\" decoding=\"async\" width=\"1024\" height=\"819\" data-id=\"28091\" class=\"wp-image-28091\" src=\"https:\/\/galaconcert.nl\/wordpress\/wp-content\/uploads\/2023\/02\/BB4I4084-1024x819.jpg\" alt=\"\" srcset=\"https:\/\/galaconcert.nl\/wordpress\/wp-content\/uploads\/2023\/02\/BB4I4084-1024x819.jpg 1024w, https:\/\/galaconcert.nl\/wordpress\/wp-content\/uploads\/2023\/02\/BB4I4084-300x240.jpg 300w, https:\/\/galaconcert.nl\/wordpress\/wp-content\/uploads\/2023\/02\/BB4I4084-768x615.jpg 768w, https:\/\/galaconcert.nl\/wordpress\/wp-content\/uploads\/2023\/02\/BB4I4084-600x480.jpg 600w, https:\/\/galaconcert.nl\/wordpress\/wp-content\/uploads\/2023\/02\/BB4I4084.jpg 1341w\" sizes=\"(max-width: 1024px) 100vw, 1024px\" \/><\/a><\/figure>\r\n\r\n\r\n\r\n<figure class=\"wp-block-image size-large\"><a href=\"https:\/\/galaconcert.nl\/wordpress\/wp-content\/uploads\/2023\/11\/One-Shot-2023-Promofoto-2D-Logo-1.png\"><img loading=\"lazy\" decoding=\"async\" width=\"1024\" height=\"576\" data-id=\"28440\" class=\"wp-image-28440\" src=\"https:\/\/galaconcert.nl\/wordpress\/wp-content\/uploads\/2023\/11\/One-Shot-2023-Promofoto-2D-Logo-1-1024x576.png\" alt=\"\" srcset=\"https:\/\/galaconcert.nl\/wordpress\/wp-content\/uploads\/2023\/11\/One-Shot-2023-Promofoto-2D-Logo-1-1024x576.png 1024w, https:\/\/galaconcert.nl\/wordpress\/wp-content\/uploads\/2023\/11\/One-Shot-2023-Promofoto-2D-Logo-1-300x169.png 300w, https:\/\/galaconcert.nl\/wordpress\/wp-content\/uploads\/2023\/11\/One-Shot-2023-Promofoto-2D-Logo-1-768x432.png 768w, https:\/\/galaconcert.nl\/wordpress\/wp-content\/uploads\/2023\/11\/One-Shot-2023-Promofoto-2D-Logo-1-1536x864.png 1536w, https:\/\/galaconcert.nl\/wordpress\/wp-content\/uploads\/2023\/11\/One-Shot-2023-Promofoto-2D-Logo-1-600x338.png 600w, https:\/\/galaconcert.nl\/wordpress\/wp-content\/uploads\/2023\/11\/One-Shot-2023-Promofoto-2D-Logo-1.png 1920w\" sizes=\"(max-width: 1024px) 100vw, 1024px\" \/><\/a><\/figure>\r\n\r\n\r\n\r\n<figure class=\"wp-block-image size-large\"><a href=\"https:\/\/galaconcert.nl\/wordpress\/wp-content\/uploads\/2023\/02\/BB4I3091.jpg\"><img loading=\"lazy\" decoding=\"async\" width=\"1024\" height=\"819\" data-id=\"28081\" class=\"wp-image-28081\" src=\"https:\/\/galaconcert.nl\/wordpress\/wp-content\/uploads\/2023\/02\/BB4I3091-1024x819.jpg\" alt=\"\" srcset=\"https:\/\/galaconcert.nl\/wordpress\/wp-content\/uploads\/2023\/02\/BB4I3091-1024x819.jpg 1024w, https:\/\/galaconcert.nl\/wordpress\/wp-content\/uploads\/2023\/02\/BB4I3091-300x240.jpg 300w, https:\/\/galaconcert.nl\/wordpress\/wp-content\/uploads\/2023\/02\/BB4I3091-768x615.jpg 768w, https:\/\/galaconcert.nl\/wordpress\/wp-content\/uploads\/2023\/02\/BB4I3091-600x480.jpg 600w, https:\/\/galaconcert.nl\/wordpress\/wp-content\/uploads\/2023\/02\/BB4I3091.jpg 1517w\" sizes=\"(max-width: 1024px) 100vw, 1024px\" \/><\/a><\/figure>\r\n<\/figure>\r\n","protected":false},"excerpt":{"rendered":"<p>GalaFeest \u00a0Na afloop van het galaconcert kunnen de voetjes van de vloer! Ook tijdens de editie van 2024 zorgt One Shot voor een fantastische avond.&hellip;<\/p>\n","protected":false},"author":7,"featured_media":0,"parent":0,"menu_order":0,"comment_status":"closed","ping_status":"closed","template":"","meta":{"_monsterinsights_skip_tracking":false,"_monsterinsights_sitenote_active":false,"_monsterinsights_sitenote_note":"","_monsterinsights_sitenote_category":0,"footnotes":""},"_links":{"self":[{"href":"https:\/\/galaconcert.nl\/wordpress\/wp-json\/wp\/v2\/pages\/2283"}],"collection":[{"href":"https:\/\/galaconcert.nl\/wordpress\/wp-json\/wp\/v2\/pages"}],"about":[{"href":"https:\/\/galaconcert.nl\/wordpress\/wp-json\/wp\/v2\/types\/page"}],"author":[{"embeddable":true,"href":"https:\/\/galaconcert.nl\/wordpress\/wp-json\/wp\/v2\/users\/7"}],"replies":[{"embeddable":true,"href":"https:\/\/galaconcert.nl\/wordpress\/wp-json\/wp\/v2\/comments?post=2283"}],"version-history":[{"count":26,"href":"https:\/\/galaconcert.nl\/wordpress\/wp-json\/wp\/v2\/pages\/2283\/revisions"}],"predecessor-version":[{"id":28442,"href":"https:\/\/galaconcert.nl\/wordpress\/wp-json\/wp\/v2\/pages\/2283\/revisions\/28442"}],"wp:attachment":[{"href":"https:\/\/galaconcert.nl\/wordpress\/wp-json\/wp\/v2\/media?parent=2283"}],"curies":[{"name":"wp","href":"https:\/\/api.w.org\/{rel}","templated":true}]}}